{"id":155,"date":"2022-08-08T00:05:19","date_gmt":"2022-08-07T22:05:19","guid":{"rendered":"http:\/\/goodstarmotorcycles.fr\/?page_id=155"},"modified":"2022-08-08T00:05:19","modified_gmt":"2022-08-07T22:05:19","slug":"cb500k1","status":"publish","type":"page","link":"http:\/\/goodstarmotorcycles.fr\/?page_id=155","title":{"rendered":"CB500k1"},"content":{"rendered":"\n<p>Honda CB 500 Four k1 1971 . Pr\u00e9paration caf\u00e9 racer ; c&rsquo;est une moto client . <\/p>\n\n\n\n<p>La machine repose sur des trains roulants de Buell XB9 Firebolt ; nous avons adapt\u00e9s la fourche invers\u00e9e et sa roue avant avec son superbe frein p\u00e9rim\u00e9trique . La console de voyant lumineux d&rsquo;origine de la CB500four a \u00e9t\u00e9 int\u00e9gr\u00e9e au t\u00e9 sup\u00e9rieur de la fourche .  <\/p>\n\n\n\n<p> La roue arri\u00e8re de Buell a \u00e9t\u00e9 modifi\u00e9e pour recevoir une couronne \u00e0 chaine \u00e0 la place de sa courroie d&rsquo;origine ; le tout adapt\u00e9 et assembl\u00e9 sur un tr\u00e8s massif bras oscillant en aluminium de Kawasaki 1200 ZRX  . Les amortisseurs ne sont pas en reste et sont de marque Koni .  <\/p>\n\n\n\n<p>La tenue de route et le freinage sont maintenant dignes des meilleures motos sportives actuelles . Le plaisir ressenti au guidon de cette machine est \u00e0 la hauteur de sa nouvelle partie cycle ; elle ne demande qu&rsquo;\u00e0 \u00eatre emmen\u00e9e sur circuit pour montrer tout son potentiel ! <\/p>\n\n\n\n<p>La CB four est d\u00e9sormais aliment\u00e9e par un r\u00e9servoir de Honda CB450 de1969 ( black bomber) Nous avons souhait\u00e9 le conserver avec sa peinture d&rsquo;origine , l&rsquo;int\u00e9rieur \u00e9tant en bon \u00e9tat .  <\/p>\n\n\n\n<p>Dans le prolongement , une selle typique caf\u00e9 racer monoplace abrite le feu arri\u00e8re et la batterie lithium ; des plaques d&rsquo;aluminium ont \u00e9t\u00e9 form\u00e9es et fix\u00e9es en dessous pour prot\u00e9ger l&rsquo;ensemble du syst\u00e8me \u00e9lectrique . <\/p>\n\n\n\n<figure class=\"wp-block-image size-full\"><img loading=\"lazy\" width=\"1920\" height=\"1280\" src=\"http:\/\/goodstarmotorcycles.fr\/wp-content\/uploads\/2022\/08\/four1.jpg\" alt=\"\" class=\"wp-image-161\" srcset=\"http:\/\/goodstarmotorcycles.fr\/wp-content\/uploads\/2022\/08\/four1.jpg 1920w, http:\/\/goodstarmotorcycles.fr\/wp-content\/uploads\/2022\/08\/four1-300x200.jpg 300w, http:\/\/goodstarmotorcycles.fr\/wp-content\/uploads\/2022\/08\/four1-768x512.jpg 768w, http:\/\/goodstarmotorcycles.fr\/wp-content\/uploads\/2022\/08\/four1-1536x1024.jpg 1536w\" sizes=\"(max-width: 1920px) 100vw, 1920px\" \/><\/figure>\n\n\n\n<figure class=\"wp-block-image size-full\"><img loading=\"lazy\" width=\"1920\" height=\"1280\" src=\"http:\/\/goodstarmotorcycles.fr\/wp-content\/uploads\/2022\/08\/four2.jpg\" alt=\"\" class=\"wp-image-162\" srcset=\"http:\/\/goodstarmotorcycles.fr\/wp-content\/uploads\/2022\/08\/four2.jpg 1920w, http:\/\/goodstarmotorcycles.fr\/wp-content\/uploads\/2022\/08\/four2-300x200.jpg 300w, http:\/\/goodstarmotorcycles.fr\/wp-content\/uploads\/2022\/08\/four2-768x512.jpg 768w, http:\/\/goodstarmotorcycles.fr\/wp-content\/uploads\/2022\/08\/four2-1536x1024.jpg 1536w\" sizes=\"(max-width: 1920px) 100vw, 1920px\" \/><\/figure>\n\n\n\n<figure class=\"wp-block-image size-full\"><img loading=\"lazy\" width=\"1920\" height=\"1280\" src=\"http:\/\/goodstarmotorcycles.fr\/wp-content\/uploads\/2022\/08\/four3.jpg\" alt=\"\" class=\"wp-image-163\" srcset=\"http:\/\/goodstarmotorcycles.fr\/wp-content\/uploads\/2022\/08\/four3.jpg 1920w, http:\/\/goodstarmotorcycles.fr\/wp-content\/uploads\/2022\/08\/four3-300x200.jpg 300w, http:\/\/goodstarmotorcycles.fr\/wp-content\/uploads\/2022\/08\/four3-768x512.jpg 768w, http:\/\/goodstarmotorcycles.fr\/wp-content\/uploads\/2022\/08\/four3-1536x1024.jpg 1536w\" sizes=\"(max-width: 1920px) 100vw, 1920px\" \/><\/figure>\n\n\n\n<figure class=\"wp-block-image size-full\"><img loading=\"lazy\" width=\"1920\" height=\"1440\" src=\"http:\/\/goodstarmotorcycles.fr\/wp-content\/uploads\/2022\/08\/four4.jpg\" alt=\"\" class=\"wp-image-164\" srcset=\"http:\/\/goodstarmotorcycles.fr\/wp-content\/uploads\/2022\/08\/four4.jpg 1920w, http:\/\/goodstarmotorcycles.fr\/wp-content\/uploads\/2022\/08\/four4-300x225.jpg 300w, http:\/\/goodstarmotorcycles.fr\/wp-content\/uploads\/2022\/08\/four4-768x576.jpg 768w, http:\/\/goodstarmotorcycles.fr\/wp-content\/uploads\/2022\/08\/four4-1536x1152.jpg 1536w\" sizes=\"(max-width: 1920px) 100vw, 1920px\" \/><\/figure>\n\n\n\n<figure class=\"wp-block-image size-full\"><img loading=\"lazy\" width=\"1920\" height=\"1280\" src=\"http:\/\/goodstarmotorcycles.fr\/wp-content\/uploads\/2022\/08\/four5.jpg\" alt=\"\" class=\"wp-image-165\" srcset=\"http:\/\/goodstarmotorcycles.fr\/wp-content\/uploads\/2022\/08\/four5.jpg 1920w, http:\/\/goodstarmotorcycles.fr\/wp-content\/uploads\/2022\/08\/four5-300x200.jpg 300w, http:\/\/goodstarmotorcycles.fr\/wp-content\/uploads\/2022\/08\/four5-768x512.jpg 768w, http:\/\/goodstarmotorcycles.fr\/wp-content\/uploads\/2022\/08\/four5-1536x1024.jpg 1536w\" sizes=\"(max-width: 1920px) 100vw, 1920px\" \/><\/figure>\n\n\n\n<figure class=\"wp-block-image size-full\"><img loading=\"lazy\" width=\"1920\" height=\"1280\" src=\"http:\/\/goodstarmotorcycles.fr\/wp-content\/uploads\/2022\/08\/four6.jpg\" alt=\"\" class=\"wp-image-166\" srcset=\"http:\/\/goodstarmotorcycles.fr\/wp-content\/uploads\/2022\/08\/four6.jpg 1920w, http:\/\/goodstarmotorcycles.fr\/wp-content\/uploads\/2022\/08\/four6-300x200.jpg 300w, http:\/\/goodstarmotorcycles.fr\/wp-content\/uploads\/2022\/08\/four6-768x512.jpg 768w, http:\/\/goodstarmotorcycles.fr\/wp-content\/uploads\/2022\/08\/four6-1536x1024.jpg 1536w\" sizes=\"(max-width: 1920px) 100vw, 1920px\" \/><\/figure>\n\n\n\n<figure class=\"wp-block-image size-full\"><img loading=\"lazy\" width=\"1920\" height=\"1280\" src=\"http:\/\/goodstarmotorcycles.fr\/wp-content\/uploads\/2022\/08\/four7.jpg\" alt=\"\" class=\"wp-image-167\" srcset=\"http:\/\/goodstarmotorcycles.fr\/wp-content\/uploads\/2022\/08\/four7.jpg 1920w, http:\/\/goodstarmotorcycles.fr\/wp-content\/uploads\/2022\/08\/four7-300x200.jpg 300w, http:\/\/goodstarmotorcycles.fr\/wp-content\/uploads\/2022\/08\/four7-768x512.jpg 768w, http:\/\/goodstarmotorcycles.fr\/wp-content\/uploads\/2022\/08\/four7-1536x1024.jpg 1536w\" sizes=\"(max-width: 1920px) 100vw, 1920px\" \/><\/figure>\n\n\n\n<figure class=\"wp-block-image size-full\"><img loading=\"lazy\" width=\"1920\" height=\"1280\" src=\"http:\/\/goodstarmotorcycles.fr\/wp-content\/uploads\/2022\/08\/four8.jpg\" alt=\"\" class=\"wp-image-168\" srcset=\"http:\/\/goodstarmotorcycles.fr\/wp-content\/uploads\/2022\/08\/four8.jpg 1920w, http:\/\/goodstarmotorcycles.fr\/wp-content\/uploads\/2022\/08\/four8-300x200.jpg 300w, http:\/\/goodstarmotorcycles.fr\/wp-content\/uploads\/2022\/08\/four8-768x512.jpg 768w, http:\/\/goodstarmotorcycles.fr\/wp-content\/uploads\/2022\/08\/four8-1536x1024.jpg 1536w\" sizes=\"(max-width: 1920px) 100vw, 1920px\" \/><\/figure>\n","protected":false},"excerpt":{"rendered":"<p>Honda CB 500 Four k1 1971 . Pr\u00e9paration caf\u00e9 racer ; c&rsquo;est une moto client . La machine repose sur des trains roulants de Buell XB9 Firebolt ; nous avons adapt\u00e9s la fourche invers\u00e9e et sa roue avant avec son superbe frein p\u00e9rim\u00e9trique . La console de voyant lumineux d&rsquo;origine de la CB500four a \u00e9t\u00e9 [&hellip;]<\/p>\n","protected":false},"author":1,"featured_media":0,"parent":0,"menu_order":0,"comment_status":"closed","ping_status":"closed","template":"","meta":[],"_links":{"self":[{"href":"http:\/\/goodstarmotorcycles.fr\/index.php?rest_route=\/wp\/v2\/pages\/155"}],"collection":[{"href":"http:\/\/goodstarmotorcycles.fr\/index.php?rest_route=\/wp\/v2\/pages"}],"about":[{"href":"http:\/\/goodstarmotorcycles.fr\/index.php?rest_route=\/wp\/v2\/types\/page"}],"author":[{"embeddable":true,"href":"http:\/\/goodstarmotorcycles.fr\/index.php?rest_route=\/wp\/v2\/users\/1"}],"replies":[{"embeddable":true,"href":"http:\/\/goodstarmotorcycles.fr\/index.php?rest_route=%2Fwp%2Fv2%2Fcomments&post=155"}],"version-history":[{"count":6,"href":"http:\/\/goodstarmotorcycles.fr\/index.php?rest_route=\/wp\/v2\/pages\/155\/revisions"}],"predecessor-version":[{"id":169,"href":"http:\/\/goodstarmotorcycles.fr\/index.php?rest_route=\/wp\/v2\/pages\/155\/revisions\/169"}],"wp:attachment":[{"href":"http:\/\/goodstarmotorcycles.fr\/index.php?rest_route=%2Fwp%2Fv2%2Fmedia&parent=155"}],"curies":[{"name":"wp","href":"https:\/\/api.w.org\/{rel}","templated":true}]}}